{"id":29517,"date":"2022-05-26T11:46:18","date_gmt":"2022-05-26T09:46:18","guid":{"rendered":"https:\/\/larestauree.com.co\/?page_id=29517"},"modified":"2024-12-19T13:25:24","modified_gmt":"2024-12-19T18:25:24","slug":"mentions-legales","status":"publish","type":"page","link":"https:\/\/larestauree.com.co\/es\/mentions-legales\/","title":{"rendered":"MENTIONS LEGALES"},"content":{"rendered":"<p>[et_pb_section fb_built=\u00a0\u00bb1&Prime; _builder_version=\u00a0\u00bb4.17.3&Prime; _module_preset=\u00a0\u00bbdefault\u00a0\u00bb global_colors_info=\u00a0\u00bb{}\u00a0\u00bb][et_pb_row _builder_version=\u00a0\u00bb4.17.3&Prime; _module_preset=\u00a0\u00bbdefault\u00a0\u00bb global_colors_info=\u00a0\u00bb{}\u00a0\u00bb][et_pb_column type=\u00a0\u00bb4_4&Prime; _builder_version=\u00a0\u00bb4.17.3&Prime; _module_preset=\u00a0\u00bbdefault\u00a0\u00bb global_colors_info=\u00a0\u00bb{}\u00a0\u00bb][et_pb_text _builder_version=\u00a0\u00bb4.17.4&Prime; _module_preset=\u00a0\u00bbdefault\u00a0\u00bb custom_margin=\u00a0\u00bb||-2px|||\u00a0\u00bb global_colors_info=\u00a0\u00bb{}\u00a0\u00bb]<\/p>\n<h1 style=\"text-align: left;\">Mentions l\u00e9gales<\/h1>\n<p style=\"text-align: center;\"><span style=\"font-size: medium;\"><\/span><span style=\"font-size: medium;\"><br \/><\/span><\/p>\n<p>[\/et_pb_text][et_pb_text _builder_version=\u00a0\u00bb4.27.4&Prime; _module_preset=\u00a0\u00bbdefault\u00a0\u00bb hover_enabled=\u00a0\u00bb0&Prime; global_colors_info=\u00a0\u00bb{}\u00a0\u00bb sticky_enabled=\u00a0\u00bb0&Prime;]<\/p>\n<p><span style=\"font-size: medium;\">Vous \u00eates actuellement connect\u00e9s au site internet \u00ab\u00a0https:\/\/www.larestauree.com.co\u00a0\u00bb qui est la propri\u00e9t\u00e9 exclusive de l&rsquo;association \u00ab\u00a0La Restaur\u00e9e Colombie\u00a0\u00bb.<\/span><\/p>\n<p><span style=\"font-size: medium;\"><strong>La Restaur\u00e9e Colombie<\/strong> <\/span><br \/><span style=\"font-size: medium;\">Association la Restaur\u00e9e<\/span><br \/><span style=\"font-size: medium;\">Dans les locaux de L\u00e1cteos de la Montbeliarde (2\u00e8me \u00e9tage)<\/span><br \/><span style=\"font-size: medium;\">Kil\u00f3metro 3.5 v\u00eda Ubat\u00e9 \u2013 Chiquinquir\u00e1<\/span><br \/><span style=\"font-size: medium;\">250430 Ubat\u00e9 \u2013 Cundinamarca, Colombie<\/span><\/p>\n<p><span style=\"font-size: medium;\"><strong>Responsables du site internet<\/strong> : Marie et Edisson Murcia-Jaffrain<\/span><\/p>\n<p><span style=\"font-size: medium;\"><strong>Cr\u00e9dits photos<\/strong> : La Restaur\u00e9e Colombie et photos libres de droit de WordPress. <\/span><\/p>\n<p><span style=\"font-size: medium;\"><strong>Cr\u00e9dit logo:<\/strong> Conception: Marie Murcia-Jaffrain et N-J. Jaffrain. R\u00e9alisation: <a href=\"https:\/\/osmos.studio\/\">Osmos Studio.<\/a><\/span><span style=\"font-size: medium;\"><\/span><\/p>\n<p>&nbsp;<\/p>\n<p>[\/et_pb_text][\/et_pb_column][\/et_pb_row][\/et_pb_section]<\/p>\n","protected":false},"excerpt":{"rendered":"<p>La Restaur\u00e9e Colombia<\/p>","protected":false},"author":2,"featured_media":0,"parent":0,"menu_order":0,"comment_status":"closed","ping_status":"closed","template":"","meta":{"_et_pb_use_builder":"on","_et_pb_old_content":"","_et_gb_content_width":"","footnotes":""},"class_list":["post-29517","page","type-page","status-publish","hentry"],"_links":{"self":[{"href":"https:\/\/larestauree.com.co\/es\/wp-json\/wp\/v2\/pages\/29517","targetHints":{"allow":["GET"]}}],"collection":[{"href":"https:\/\/larestauree.com.co\/es\/wp-json\/wp\/v2\/pages"}],"about":[{"href":"https:\/\/larestauree.com.co\/es\/wp-json\/wp\/v2\/types\/page"}],"author":[{"embeddable":true,"href":"https:\/\/larestauree.com.co\/es\/wp-json\/wp\/v2\/users\/2"}],"replies":[{"embeddable":true,"href":"https:\/\/larestauree.com.co\/es\/wp-json\/wp\/v2\/comments?post=29517"}],"version-history":[{"count":5,"href":"https:\/\/larestauree.com.co\/es\/wp-json\/wp\/v2\/pages\/29517\/revisions"}],"predecessor-version":[{"id":29985,"href":"https:\/\/larestauree.com.co\/es\/wp-json\/wp\/v2\/pages\/29517\/revisions\/29985"}],"wp:attachment":[{"href":"https:\/\/larestauree.com.co\/es\/wp-json\/wp\/v2\/media?parent=29517"}],"curies":[{"name":"wp","href":"https:\/\/api.w.org\/{rel}","templated":true}]}}